{"id":1065,"date":"2021-10-11T10:51:08","date_gmt":"2021-10-11T08:51:08","guid":{"rendered":"https:\/\/www.skysun.eu\/au-sol\/"},"modified":"2025-12-19T13:32:56","modified_gmt":"2025-12-19T12:32:56","slug":"ground","status":"publish","type":"page","link":"https:\/\/www.skysun.eu\/en\/ground\/","title":{"rendered":"Ground"},"content":{"rendered":"<h5>Services<\/h5>\n<h1>Au sol<\/h1>\n<p>Skysun propose des solutions &#8211; connect\u00e9es ou non \u00e0 votre exploitation \u2014 qui vous permettent de valoriser vos terrains non-d\u00e9velopp\u00e9s en y cultivant de l\u2019\u00e9nergie verte.<\/p>\n<p>Nous ne nous contentons pas d\u2019un \u201csimple\u201d champ de panneaux solaires. Notre r\u00e9flexion s&#8217;\u00e9tend \u00e0 la protection de la biodiversit\u00e9 et \u00e0 la r\u00e9g\u00e9n\u00e9ration des sols. C\u2019est la raison pour laquelle nous plantons des haies, refuges pour la faune et la flore locales aux pourtours de nos parcs. Les ruches que nous installons permettent de booster la pollinisation ainsi que de monitorer notre impact positif. Nos parcs participent donc \u00e0 conserver des trames vertes au sein du paysage.<\/p>\n<p>Un projet au sol est synonyme de permis. Nous nous chargeons de le demander et faisons r\u00e9aliser les plans d&#8217;architectes ad\u00e9quats.<\/p>\n","protected":false},"excerpt":{"rendered":"<p>Services Au sol Skysun propose des solutions &#8211; connect\u00e9es ou non \u00e0 votre exploitation \u2014 qui vous permettent de valoriser vos terrains non-d\u00e9velopp\u00e9s en y cultivant de l\u2019\u00e9nergie verte. Nous ne nous contentons pas d\u2019un \u201csimple\u201d champ de panneaux solaires. Notre r\u00e9flexion s&#8217;\u00e9tend \u00e0 la protection de la biodiversit\u00e9 et \u00e0 la r\u00e9g\u00e9n\u00e9ration des sols. &hellip; <a href=\"https:\/\/www.skysun.eu\/en\/ground\/\">Continued<\/a><\/p>\n","protected":false},"author":1,"featured_media":0,"parent":0,"menu_order":0,"comment_status":"closed","ping_status":"closed","template":"template-content.blade.php","meta":{"footnotes":""},"class_list":["post-1065","page","type-page","status-publish","hentry"],"yoast_head":"<!-- This site is optimized with the Yoast SEO plugin v17.3 - https:\/\/yoast.com\/wordpress\/plugins\/seo\/ -->\n<title>Ground - Skysun<\/title>\n<meta name=\"robots\" content=\"index, follow, max-snippet:-1, max-image-preview:large, max-video-preview:-1\" \/>\n<link rel=\"canonical\" href=\"https:\/\/www.skysun.eu\/en\/ground\/\" \/>\n<meta property=\"og:locale\" content=\"en_US\" \/>\n<meta property=\"og:type\" content=\"article\" \/>\n<meta property=\"og:title\" content=\"Ground - Skysun\" \/>\n<meta property=\"og:description\" content=\"Services Au sol Skysun propose des solutions &#8211; connect\u00e9es ou non \u00e0 votre exploitation \u2014 qui vous permettent de valoriser vos terrains non-d\u00e9velopp\u00e9s en y cultivant de l\u2019\u00e9nergie verte. Nous ne nous contentons pas d\u2019un \u201csimple\u201d champ de panneaux solaires. Notre r\u00e9flexion s&#8217;\u00e9tend \u00e0 la protection de la biodiversit\u00e9 et \u00e0 la r\u00e9g\u00e9n\u00e9ration des sols. &hellip; Continued\" \/>\n<meta property=\"og:url\" content=\"https:\/\/www.skysun.eu\/en\/ground\/\" \/>\n<meta property=\"og:site_name\" content=\"Skysun\" \/>\n<meta property=\"article:publisher\" content=\"https:\/\/www.facebook.com\/Skysun.be\" \/>\n<meta property=\"article:modified_time\" content=\"2025-12-19T12:32:56+00:00\" \/>\n<meta property=\"og:image\" content=\"https:\/\/www.skysun.eu\/app\/uploads\/2021\/10\/OG-img-e1634131647139.png\" \/>\n\t<meta property=\"og:image:width\" content=\"900\" \/>\n\t<meta property=\"og:image:height\" content=\"502\" \/>\n<meta name=\"twitter:card\" content=\"summary_large_image\" \/>\n<meta name=\"twitter:label1\" content=\"Est. reading time\" \/>\n\t<meta name=\"twitter:data1\" content=\"1 minute\" \/>\n<script type=\"application\/ld+json\" class=\"yoast-schema-graph\">{\"@context\":\"https:\/\/schema.org\",\"@graph\":[{\"@type\":\"Organization\",\"@id\":\"https:\/\/www.skysun.eu\/#organization\",\"name\":\"Skysun\",\"url\":\"https:\/\/www.skysun.eu\/\",\"sameAs\":[\"https:\/\/www.facebook.com\/Skysun.be\",\"https:\/\/www.linkedin.com\/company\/skysun.be\/\",\"https:\/\/www.youtube.com\/channel\/UCdZRSa2ELLblWzLcciDYhng\"],\"logo\":{\"@type\":\"ImageObject\",\"@id\":\"https:\/\/www.skysun.eu\/#logo\",\"inLanguage\":\"en-US\",\"url\":\"https:\/\/www.skysun.eu\/app\/uploads\/2025\/04\/logo-verical.jpg\",\"contentUrl\":\"https:\/\/www.skysun.eu\/app\/uploads\/2025\/04\/logo-verical.jpg\",\"width\":288,\"height\":158,\"caption\":\"Skysun\"},\"image\":{\"@id\":\"https:\/\/www.skysun.eu\/#logo\"}},{\"@type\":\"WebSite\",\"@id\":\"https:\/\/www.skysun.eu\/#website\",\"url\":\"https:\/\/www.skysun.eu\/\",\"name\":\"Skysun\",\"description\":\"Et l&#039;europe rayonne\",\"publisher\":{\"@id\":\"https:\/\/www.skysun.eu\/#organization\"},\"potentialAction\":[{\"@type\":\"SearchAction\",\"target\":{\"@type\":\"EntryPoint\",\"urlTemplate\":\"https:\/\/www.skysun.eu\/?s={search_term_string}\"},\"query-input\":\"required name=search_term_string\"}],\"inLanguage\":\"en-US\"},{\"@type\":\"WebPage\",\"@id\":\"https:\/\/www.skysun.eu\/en\/ground\/#webpage\",\"url\":\"https:\/\/www.skysun.eu\/en\/ground\/\",\"name\":\"Ground - Skysun\",\"isPartOf\":{\"@id\":\"https:\/\/www.skysun.eu\/#website\"},\"datePublished\":\"2021-10-11T08:51:08+00:00\",\"dateModified\":\"2025-12-19T12:32:56+00:00\",\"breadcrumb\":{\"@id\":\"https:\/\/www.skysun.eu\/en\/ground\/#breadcrumb\"},\"inLanguage\":\"en-US\",\"potentialAction\":[{\"@type\":\"ReadAction\",\"target\":[\"https:\/\/www.skysun.eu\/en\/ground\/\"]}]},{\"@type\":\"BreadcrumbList\",\"@id\":\"https:\/\/www.skysun.eu\/en\/ground\/#breadcrumb\",\"itemListElement\":[{\"@type\":\"ListItem\",\"position\":1,\"name\":\"Ground\"}]}]}<\/script>\n<!-- \/ Yoast SEO plugin. -->","yoast_head_json":{"title":"Ground - Skysun","robots":{"index":"index","follow":"follow","max-snippet":"max-snippet:-1","max-image-preview":"max-image-preview:large","max-video-preview":"max-video-preview:-1"},"canonical":"https:\/\/www.skysun.eu\/en\/ground\/","og_locale":"en_US","og_type":"article","og_title":"Ground - Skysun","og_description":"Services Au sol Skysun propose des solutions &#8211; connect\u00e9es ou non \u00e0 votre exploitation \u2014 qui vous permettent de valoriser vos terrains non-d\u00e9velopp\u00e9s en y cultivant de l\u2019\u00e9nergie verte. Nous ne nous contentons pas d\u2019un \u201csimple\u201d champ de panneaux solaires. Notre r\u00e9flexion s&#8217;\u00e9tend \u00e0 la protection de la biodiversit\u00e9 et \u00e0 la r\u00e9g\u00e9n\u00e9ration des sols. &hellip; Continued","og_url":"https:\/\/www.skysun.eu\/en\/ground\/","og_site_name":"Skysun","article_publisher":"https:\/\/www.facebook.com\/Skysun.be","article_modified_time":"2025-12-19T12:32:56+00:00","og_image":[{"width":900,"height":502,"url":"https:\/\/www.skysun.eu\/app\/uploads\/2021\/10\/OG-img-e1634131647139.png","type":"image\/png"}],"twitter_card":"summary_large_image","twitter_misc":{"Est. reading time":"1 minute"},"schema":{"@context":"https:\/\/schema.org","@graph":[{"@type":"Organization","@id":"https:\/\/www.skysun.eu\/#organization","name":"Skysun","url":"https:\/\/www.skysun.eu\/","sameAs":["https:\/\/www.facebook.com\/Skysun.be","https:\/\/www.linkedin.com\/company\/skysun.be\/","https:\/\/www.youtube.com\/channel\/UCdZRSa2ELLblWzLcciDYhng"],"logo":{"@type":"ImageObject","@id":"https:\/\/www.skysun.eu\/#logo","inLanguage":"en-US","url":"https:\/\/www.skysun.eu\/app\/uploads\/2025\/04\/logo-verical.jpg","contentUrl":"https:\/\/www.skysun.eu\/app\/uploads\/2025\/04\/logo-verical.jpg","width":288,"height":158,"caption":"Skysun"},"image":{"@id":"https:\/\/www.skysun.eu\/#logo"}},{"@type":"WebSite","@id":"https:\/\/www.skysun.eu\/#website","url":"https:\/\/www.skysun.eu\/","name":"Skysun","description":"Et l&#039;europe rayonne","publisher":{"@id":"https:\/\/www.skysun.eu\/#organization"},"potentialAction":[{"@type":"SearchAction","target":{"@type":"EntryPoint","urlTemplate":"https:\/\/www.skysun.eu\/?s={search_term_string}"},"query-input":"required name=search_term_string"}],"inLanguage":"en-US"},{"@type":"WebPage","@id":"https:\/\/www.skysun.eu\/en\/ground\/#webpage","url":"https:\/\/www.skysun.eu\/en\/ground\/","name":"Ground - Skysun","isPartOf":{"@id":"https:\/\/www.skysun.eu\/#website"},"datePublished":"2021-10-11T08:51:08+00:00","dateModified":"2025-12-19T12:32:56+00:00","breadcrumb":{"@id":"https:\/\/www.skysun.eu\/en\/ground\/#breadcrumb"},"inLanguage":"en-US","potentialAction":[{"@type":"ReadAction","target":["https:\/\/www.skysun.eu\/en\/ground\/"]}]},{"@type":"BreadcrumbList","@id":"https:\/\/www.skysun.eu\/en\/ground\/#breadcrumb","itemListElement":[{"@type":"ListItem","position":1,"name":"Ground"}]}]}},"_links":{"self":[{"href":"https:\/\/www.skysun.eu\/en\/wp-json\/wp\/v2\/pages\/1065","targetHints":{"allow":["GET"]}}],"collection":[{"href":"https:\/\/www.skysun.eu\/en\/wp-json\/wp\/v2\/pages"}],"about":[{"href":"https:\/\/www.skysun.eu\/en\/wp-json\/wp\/v2\/types\/page"}],"author":[{"embeddable":true,"href":"https:\/\/www.skysun.eu\/en\/wp-json\/wp\/v2\/users\/1"}],"replies":[{"embeddable":true,"href":"https:\/\/www.skysun.eu\/en\/wp-json\/wp\/v2\/comments?post=1065"}],"version-history":[{"count":4,"href":"https:\/\/www.skysun.eu\/en\/wp-json\/wp\/v2\/pages\/1065\/revisions"}],"predecessor-version":[{"id":3244,"href":"https:\/\/www.skysun.eu\/en\/wp-json\/wp\/v2\/pages\/1065\/revisions\/3244"}],"wp:attachment":[{"href":"https:\/\/www.skysun.eu\/en\/wp-json\/wp\/v2\/media?parent=1065"}],"curies":[{"name":"wp","href":"https:\/\/api.w.org\/{rel}","templated":true}]}}